{"id":3021,"date":"2023-06-13T20:20:17","date_gmt":"2023-06-13T18:20:17","guid":{"rendered":"https:\/\/garis.es\/tienda-mayorista\/boligrafo-pendrive-ecop\/"},"modified":"2023-06-20T21:19:28","modified_gmt":"2023-06-20T19:19:28","slug":"boligrafo-pendrive-ecop","status":"publish","type":"product","link":"https:\/\/garis.es\/en\/wholesale-shop\/boligrafo-pendrive-ecop\/","title":{"rendered":"Pendrive Ecop"},"content":{"rendered":"<p>USB pen of nature line. With USB memory of 16GB of capacity integrated in the hood and made of wood, in order to promote the use of natural materials. With twist mechanism and blue ink. Presented in an attractive kraft finish box.<\/p>\n<p>Wood<\/p>\n<p>x 14.5 x cm | 1.8 \u00d8 | 26 gr<\/p>\n","protected":false},"excerpt":{"rendered":"<p style=\"text-align: justify;\">The Elegance ballpoint pen is included in the OPTIUM range of GAR\u00cdS, there are few products that can afford to be classified as OPTIUM, they must pass very demanding &#8220;quality checks&#8221;, they are always exclusive models with the best performance.<\/p>\n<p style=\"text-align: justify;\">This product combines the elegance of a pen with the capacity to store up to 16 GB of information, thanks to its integrated pendrive system.<\/p>\n<p style=\"text-align: justify;\">It is a very versatile product that combines the elegance of its wooden format with the integrated technology in the storage of information.<\/p>\n<p style=\"text-align: justify;\">We can use it in our daily life or we can use it as a promotion in our business strategy, always oriented to a very specific target audience.<\/p>\n<p>Tax included<\/p>\n<p>&nbsp;<\/p>\n","protected":false},"featured_media":3018,"comment_status":"open","ping_status":"closed","template":"","meta":{"_kad_post_transparent":"default","_kad_post_title":"","_kad_post_layout":"default","_kad_post_sidebar_id":"","_kad_post_content_style":"default","_kad_post_vertical_padding":"default","_kad_post_feature":"","_kad_post_feature_position":"","_kad_post_header":false,"_kad_post_footer":false,"_joinchat":[]},"product_cat":[68,69],"product_tag":[],"bundled_by":[],"bundle_stock_status":"instock","bundle_stock_quantity":120,"bundle_virtual":false,"bundle_layout":"","bundle_add_to_cart_form_location":"","bundle_editable_in_cart":false,"bundle_sold_individually_context":"","bundle_item_grouping":"","bundle_min_size":"","bundle_max_size":"","bundle_price":[],"bundled_items":[],"bundle_sell_ids":[],"tiered_pricing_type":"fixed","tiered_pricing_fixed_rules":[],"yoast_head":"<!-- This site is optimized with the Yoast SEO plugin v20.11 - https:\/\/yoast.com\/wordpress\/plugins\/seo\/ -->\n<title>Pendrive Ecop - Gar\u00ed-s<\/title>\n<meta name=\"description\" content=\"Te presentamos Pendrive Ecop de venta en Gar\u00ed-s mayorista de accesorios para m\u00f3viles y PCs.\" \/>\n<meta name=\"robots\" content=\"index, follow, max-snippet:-1, max-image-preview:large, max-video-preview:-1\" \/>\n<link rel=\"canonical\" href=\"https:\/\/garis.es\/en\/wholesale-shop\/boligrafo-pendrive-ecop\/\" \/>\n<meta property=\"og:locale\" content=\"en_US\" \/>\n<meta property=\"og:type\" content=\"article\" \/>\n<meta property=\"og:title\" content=\"Pendrive Ecop - Gar\u00ed-s\" \/>\n<meta property=\"og:description\" content=\"Te presentamos Pendrive Ecop de venta en Gar\u00ed-s mayorista de accesorios para m\u00f3viles y PCs.\" \/>\n<meta property=\"og:url\" content=\"https:\/\/garis.es\/en\/wholesale-shop\/boligrafo-pendrive-ecop\/\" \/>\n<meta property=\"og:site_name\" content=\"Gar\u00ed-s\" \/>\n<meta property=\"article:modified_time\" content=\"2023-06-20T19:19:28+00:00\" \/>\n<meta property=\"og:image\" content=\"https:\/\/garis.es\/wp-content\/uploads\/2023\/06\/PENDRIVE-MODELO-ECOP-4.png\" \/>\n\t<meta property=\"og:image:width\" content=\"500\" \/>\n\t<meta property=\"og:image:height\" content=\"500\" \/>\n\t<meta property=\"og:image:type\" content=\"image\/png\" \/>\n<meta name=\"twitter:card\" content=\"summary_large_image\" \/>\n<meta name=\"twitter:label1\" content=\"Est. reading time\" \/>\n\t<meta name=\"twitter:data1\" content=\"1 minute\" \/>\n<script type=\"application\/ld+json\" class=\"yoast-schema-graph\">{\"@context\":\"https:\/\/schema.org\",\"@graph\":[{\"@type\":\"WebPage\",\"@id\":\"https:\/\/garis.es\/en\/wholesale-shop\/boligrafo-pendrive-ecop\/\",\"url\":\"https:\/\/garis.es\/en\/wholesale-shop\/boligrafo-pendrive-ecop\/\",\"name\":\"Pendrive Ecop - Gar\u00ed-s\",\"isPartOf\":{\"@id\":\"https:\/\/garis.es\/#website\"},\"datePublished\":\"2023-06-13T18:20:17+00:00\",\"dateModified\":\"2023-06-20T19:19:28+00:00\",\"description\":\"Te presentamos Pendrive Ecop de venta en Gar\u00ed-s mayorista de accesorios para m\u00f3viles y PCs.\",\"breadcrumb\":{\"@id\":\"https:\/\/garis.es\/en\/wholesale-shop\/boligrafo-pendrive-ecop\/#breadcrumb\"},\"inLanguage\":\"en-US\",\"potentialAction\":[{\"@type\":\"ReadAction\",\"target\":[\"https:\/\/garis.es\/en\/wholesale-shop\/boligrafo-pendrive-ecop\/\"]}]},{\"@type\":\"BreadcrumbList\",\"@id\":\"https:\/\/garis.es\/en\/wholesale-shop\/boligrafo-pendrive-ecop\/#breadcrumb\",\"itemListElement\":[{\"@type\":\"ListItem\",\"position\":1,\"name\":\"Portada\",\"item\":\"https:\/\/garis.es\/en\/\"},{\"@type\":\"ListItem\",\"position\":2,\"name\":\"Shop\",\"item\":\"https:\/\/garis.es\/en\/tienda\/\"},{\"@type\":\"ListItem\",\"position\":3,\"name\":\"Pendrive Ecop\"}]},{\"@type\":\"WebSite\",\"@id\":\"https:\/\/garis.es\/#website\",\"url\":\"https:\/\/garis.es\/\",\"name\":\"Gar\u00ed-s\",\"description\":\"GAR\u00cdS se dedica a la venta al por mayor a profesionales y empresarios, de todo tipo de accesorios para terminales m\u00f3viles y PC\u00b4s,\",\"publisher\":{\"@id\":\"https:\/\/garis.es\/#organization\"},\"potentialAction\":[{\"@type\":\"SearchAction\",\"target\":{\"@type\":\"EntryPoint\",\"urlTemplate\":\"https:\/\/garis.es\/?s={search_term_string}\"},\"query-input\":\"required name=search_term_string\"}],\"inLanguage\":\"en-US\"},{\"@type\":\"Organization\",\"@id\":\"https:\/\/garis.es\/#organization\",\"name\":\"Garis Promotional Accesories for Movil & PC\",\"url\":\"https:\/\/garis.es\/\",\"logo\":{\"@type\":\"ImageObject\",\"inLanguage\":\"en-US\",\"@id\":\"https:\/\/garis.es\/#\/schema\/logo\/image\/\",\"url\":\"https:\/\/garis.es\/wp-content\/uploads\/2024\/05\/cropped-LogotipoGaris.png\",\"contentUrl\":\"https:\/\/garis.es\/wp-content\/uploads\/2024\/05\/cropped-LogotipoGaris.png\",\"width\":1109,\"height\":536,\"caption\":\"Garis Promotional Accesories for Movil & PC\"},\"image\":{\"@id\":\"https:\/\/garis.es\/#\/schema\/logo\/image\/\"}}]}<\/script>\n<!-- \/ Yoast SEO plugin. -->","yoast_head_json":{"title":"Pendrive Ecop - Gar\u00ed-s","description":"Te presentamos Pendrive Ecop de venta en Gar\u00ed-s mayorista de accesorios para m\u00f3viles y PCs.","robots":{"index":"index","follow":"follow","max-snippet":"max-snippet:-1","max-image-preview":"max-image-preview:large","max-video-preview":"max-video-preview:-1"},"canonical":"https:\/\/garis.es\/en\/wholesale-shop\/boligrafo-pendrive-ecop\/","og_locale":"en_US","og_type":"article","og_title":"Pendrive Ecop - Gar\u00ed-s","og_description":"Te presentamos Pendrive Ecop de venta en Gar\u00ed-s mayorista de accesorios para m\u00f3viles y PCs.","og_url":"https:\/\/garis.es\/en\/wholesale-shop\/boligrafo-pendrive-ecop\/","og_site_name":"Gar\u00ed-s","article_modified_time":"2023-06-20T19:19:28+00:00","og_image":[{"width":500,"height":500,"url":"https:\/\/garis.es\/wp-content\/uploads\/2023\/06\/PENDRIVE-MODELO-ECOP-4.png","type":"image\/png"}],"twitter_card":"summary_large_image","twitter_misc":{"Est. reading time":"1 minute"},"schema":{"@context":"https:\/\/schema.org","@graph":[{"@type":"WebPage","@id":"https:\/\/garis.es\/en\/wholesale-shop\/boligrafo-pendrive-ecop\/","url":"https:\/\/garis.es\/en\/wholesale-shop\/boligrafo-pendrive-ecop\/","name":"Pendrive Ecop - Gar\u00ed-s","isPartOf":{"@id":"https:\/\/garis.es\/#website"},"datePublished":"2023-06-13T18:20:17+00:00","dateModified":"2023-06-20T19:19:28+00:00","description":"Te presentamos Pendrive Ecop de venta en Gar\u00ed-s mayorista de accesorios para m\u00f3viles y PCs.","breadcrumb":{"@id":"https:\/\/garis.es\/en\/wholesale-shop\/boligrafo-pendrive-ecop\/#breadcrumb"},"inLanguage":"en-US","potentialAction":[{"@type":"ReadAction","target":["https:\/\/garis.es\/en\/wholesale-shop\/boligrafo-pendrive-ecop\/"]}]},{"@type":"BreadcrumbList","@id":"https:\/\/garis.es\/en\/wholesale-shop\/boligrafo-pendrive-ecop\/#breadcrumb","itemListElement":[{"@type":"ListItem","position":1,"name":"Portada","item":"https:\/\/garis.es\/en\/"},{"@type":"ListItem","position":2,"name":"Shop","item":"https:\/\/garis.es\/en\/tienda\/"},{"@type":"ListItem","position":3,"name":"Pendrive Ecop"}]},{"@type":"WebSite","@id":"https:\/\/garis.es\/#website","url":"https:\/\/garis.es\/","name":"Gar\u00ed-s","description":"GAR\u00cdS se dedica a la venta al por mayor a profesionales y empresarios, de todo tipo de accesorios para terminales m\u00f3viles y PC\u00b4s,","publisher":{"@id":"https:\/\/garis.es\/#organization"},"potentialAction":[{"@type":"SearchAction","target":{"@type":"EntryPoint","urlTemplate":"https:\/\/garis.es\/?s={search_term_string}"},"query-input":"required name=search_term_string"}],"inLanguage":"en-US"},{"@type":"Organization","@id":"https:\/\/garis.es\/#organization","name":"Garis Promotional Accesories for Movil & PC","url":"https:\/\/garis.es\/","logo":{"@type":"ImageObject","inLanguage":"en-US","@id":"https:\/\/garis.es\/#\/schema\/logo\/image\/","url":"https:\/\/garis.es\/wp-content\/uploads\/2024\/05\/cropped-LogotipoGaris.png","contentUrl":"https:\/\/garis.es\/wp-content\/uploads\/2024\/05\/cropped-LogotipoGaris.png","width":1109,"height":536,"caption":"Garis Promotional Accesories for Movil & PC"},"image":{"@id":"https:\/\/garis.es\/#\/schema\/logo\/image\/"}}]}},"_links":{"self":[{"href":"https:\/\/garis.es\/en\/wp-json\/wp\/v2\/product\/3021"}],"collection":[{"href":"https:\/\/garis.es\/en\/wp-json\/wp\/v2\/product"}],"about":[{"href":"https:\/\/garis.es\/en\/wp-json\/wp\/v2\/types\/product"}],"replies":[{"embeddable":true,"href":"https:\/\/garis.es\/en\/wp-json\/wp\/v2\/comments?post=3021"}],"wp:featuredmedia":[{"embeddable":true,"href":"https:\/\/garis.es\/en\/wp-json\/wp\/v2\/media\/3018"}],"wp:attachment":[{"href":"https:\/\/garis.es\/en\/wp-json\/wp\/v2\/media?parent=3021"}],"wp:term":[{"taxonomy":"product_cat","embeddable":true,"href":"https:\/\/garis.es\/en\/wp-json\/wp\/v2\/product_cat?post=3021"},{"taxonomy":"product_tag","embeddable":true,"href":"https:\/\/garis.es\/en\/wp-json\/wp\/v2\/product_tag?post=3021"}],"curies":[{"name":"wp","href":"https:\/\/api.w.org\/{rel}","templated":true}]}}