{"id":2769,"date":"2023-06-12T19:17:38","date_gmt":"2023-06-12T17:17:38","guid":{"rendered":"https:\/\/garis.es\/tienda-mayorista\/microfono-modelo-m630\/"},"modified":"2023-07-09T19:24:58","modified_gmt":"2023-07-09T17:24:58","slug":"microfono-modelo-m630","status":"publish","type":"product","link":"https:\/\/garis.es\/en\/wholesale-shop\/microfono-modelo-m630\/","title":{"rendered":"Microphon  M630"},"content":{"rendered":"<p>Microphone unit: \u042414*6.5MM<br \/>\nPolar Pattern: Cardioid<br \/>\nSensitivity: -40dB\u00b13dB<br \/>\nImpedance: 2.2K\u03a9<br \/>\nFrequency response: 20Hz-20,000Hz<br \/>\nStandard operating voltage:5V DC<br \/>\nConnector\uff1aTYPE-C to USB<br \/>\nCPU and interface controller\uff1aSSS1700<br \/>\nSampling frequency: 192kHz<br \/>\nBit rate: 24bit<\/p>\n","protected":false},"excerpt":{"rendered":"<p>The M630 Microphone with USB port connection is a practical and comfortable microphone with very high performance.<br \/>\nIt is designed to connect and use, mainly on PC&#8217;s as it is not compatible with all consoles.<br \/>\nProfessional audio USB podcast microphone for streaming, recording and voice chat.<br \/>\nExcellent recording sound quality.<br \/>\nIt has a touch sensor to mute at the top, plus a POP filter that clarifies the voice.<br \/>\nIt also features a 5\/8 microphone mounting thread as well as high audio reproduction without rendering.<br \/>\nGAR\u00cdS model 630 is a safe bet, handy, easy to move and easy to use make it a must-have.<\/p>\n","protected":false},"featured_media":2803,"comment_status":"open","ping_status":"closed","template":"","meta":{"_kad_post_transparent":"default","_kad_post_title":"","_kad_post_layout":"default","_kad_post_sidebar_id":"","_kad_post_content_style":"default","_kad_post_vertical_padding":"default","_kad_post_feature":"","_kad_post_feature_position":"","_kad_post_header":false,"_kad_post_footer":false,"_joinchat":[]},"product_cat":[67],"product_tag":[],"bundled_by":[],"bundle_stock_status":"instock","bundle_stock_quantity":20,"bundle_virtual":false,"bundle_layout":"","bundle_add_to_cart_form_location":"","bundle_editable_in_cart":false,"bundle_sold_individually_context":"","bundle_item_grouping":"","bundle_min_size":"","bundle_max_size":"","bundle_price":[],"bundled_items":[],"bundle_sell_ids":[],"tiered_pricing_type":"fixed","tiered_pricing_fixed_rules":{"15":"29"},"yoast_head":"<!-- This site is optimized with the Yoast SEO plugin v20.11 - https:\/\/yoast.com\/wordpress\/plugins\/seo\/ -->\n<title>Microphon M630 - Gar\u00ed-s<\/title>\n<meta name=\"description\" content=\"Te presentamos Microphon M630 de venta en Gar\u00ed-s mayorista de accesorios para m\u00f3viles y PCs.\" \/>\n<meta name=\"robots\" content=\"index, follow, max-snippet:-1, max-image-preview:large, max-video-preview:-1\" \/>\n<link rel=\"canonical\" href=\"https:\/\/garis.es\/en\/wholesale-shop\/microfono-modelo-m630\/\" \/>\n<meta property=\"og:locale\" content=\"en_US\" \/>\n<meta property=\"og:type\" content=\"article\" \/>\n<meta property=\"og:title\" content=\"Microphon M630 - Gar\u00ed-s\" \/>\n<meta property=\"og:description\" content=\"Te presentamos Microphon M630 de venta en Gar\u00ed-s mayorista de accesorios para m\u00f3viles y PCs.\" \/>\n<meta property=\"og:url\" content=\"https:\/\/garis.es\/en\/wholesale-shop\/microfono-modelo-m630\/\" \/>\n<meta property=\"og:site_name\" content=\"Gar\u00ed-s\" \/>\n<meta property=\"article:modified_time\" content=\"2023-07-09T17:24:58+00:00\" \/>\n<meta property=\"og:image\" content=\"https:\/\/garis.es\/wp-content\/uploads\/2023\/06\/M-630-4-1.jpg\" \/>\n\t<meta property=\"og:image:width\" content=\"800\" \/>\n\t<meta property=\"og:image:height\" content=\"800\" \/>\n\t<meta property=\"og:image:type\" content=\"image\/jpeg\" \/>\n<meta name=\"twitter:card\" content=\"summary_large_image\" \/>\n<meta name=\"twitter:label1\" content=\"Est. reading time\" \/>\n\t<meta name=\"twitter:data1\" content=\"1 minute\" \/>\n<script type=\"application\/ld+json\" class=\"yoast-schema-graph\">{\"@context\":\"https:\/\/schema.org\",\"@graph\":[{\"@type\":\"WebPage\",\"@id\":\"https:\/\/garis.es\/en\/wholesale-shop\/microfono-modelo-m630\/\",\"url\":\"https:\/\/garis.es\/en\/wholesale-shop\/microfono-modelo-m630\/\",\"name\":\"Microphon M630 - Gar\u00ed-s\",\"isPartOf\":{\"@id\":\"https:\/\/garis.es\/#website\"},\"datePublished\":\"2023-06-12T17:17:38+00:00\",\"dateModified\":\"2023-07-09T17:24:58+00:00\",\"description\":\"Te presentamos Microphon M630 de venta en Gar\u00ed-s mayorista de accesorios para m\u00f3viles y PCs.\",\"breadcrumb\":{\"@id\":\"https:\/\/garis.es\/en\/wholesale-shop\/microfono-modelo-m630\/#breadcrumb\"},\"inLanguage\":\"en-US\",\"potentialAction\":[{\"@type\":\"ReadAction\",\"target\":[\"https:\/\/garis.es\/en\/wholesale-shop\/microfono-modelo-m630\/\"]}]},{\"@type\":\"BreadcrumbList\",\"@id\":\"https:\/\/garis.es\/en\/wholesale-shop\/microfono-modelo-m630\/#breadcrumb\",\"itemListElement\":[{\"@type\":\"ListItem\",\"position\":1,\"name\":\"Portada\",\"item\":\"https:\/\/garis.es\/en\/\"},{\"@type\":\"ListItem\",\"position\":2,\"name\":\"Shop\",\"item\":\"https:\/\/garis.es\/en\/tienda\/\"},{\"@type\":\"ListItem\",\"position\":3,\"name\":\"Microphon M630\"}]},{\"@type\":\"WebSite\",\"@id\":\"https:\/\/garis.es\/#website\",\"url\":\"https:\/\/garis.es\/\",\"name\":\"Gar\u00ed-s\",\"description\":\"GAR\u00cdS se dedica a la venta al por mayor a profesionales y empresarios, de todo tipo de accesorios para terminales m\u00f3viles y PC\u00b4s,\",\"publisher\":{\"@id\":\"https:\/\/garis.es\/#organization\"},\"potentialAction\":[{\"@type\":\"SearchAction\",\"target\":{\"@type\":\"EntryPoint\",\"urlTemplate\":\"https:\/\/garis.es\/?s={search_term_string}\"},\"query-input\":\"required name=search_term_string\"}],\"inLanguage\":\"en-US\"},{\"@type\":\"Organization\",\"@id\":\"https:\/\/garis.es\/#organization\",\"name\":\"Garis Promotional Accesories for Movil & PC\",\"url\":\"https:\/\/garis.es\/\",\"logo\":{\"@type\":\"ImageObject\",\"inLanguage\":\"en-US\",\"@id\":\"https:\/\/garis.es\/#\/schema\/logo\/image\/\",\"url\":\"https:\/\/garis.es\/wp-content\/uploads\/2024\/05\/cropped-LogotipoGaris.png\",\"contentUrl\":\"https:\/\/garis.es\/wp-content\/uploads\/2024\/05\/cropped-LogotipoGaris.png\",\"width\":1109,\"height\":536,\"caption\":\"Garis Promotional Accesories for Movil & PC\"},\"image\":{\"@id\":\"https:\/\/garis.es\/#\/schema\/logo\/image\/\"}}]}<\/script>\n<!-- \/ Yoast SEO plugin. -->","yoast_head_json":{"title":"Microphon M630 - Gar\u00ed-s","description":"Te presentamos Microphon M630 de venta en Gar\u00ed-s mayorista de accesorios para m\u00f3viles y PCs.","robots":{"index":"index","follow":"follow","max-snippet":"max-snippet:-1","max-image-preview":"max-image-preview:large","max-video-preview":"max-video-preview:-1"},"canonical":"https:\/\/garis.es\/en\/wholesale-shop\/microfono-modelo-m630\/","og_locale":"en_US","og_type":"article","og_title":"Microphon M630 - Gar\u00ed-s","og_description":"Te presentamos Microphon M630 de venta en Gar\u00ed-s mayorista de accesorios para m\u00f3viles y PCs.","og_url":"https:\/\/garis.es\/en\/wholesale-shop\/microfono-modelo-m630\/","og_site_name":"Gar\u00ed-s","article_modified_time":"2023-07-09T17:24:58+00:00","og_image":[{"width":800,"height":800,"url":"https:\/\/garis.es\/wp-content\/uploads\/2023\/06\/M-630-4-1.jpg","type":"image\/jpeg"}],"twitter_card":"summary_large_image","twitter_misc":{"Est. reading time":"1 minute"},"schema":{"@context":"https:\/\/schema.org","@graph":[{"@type":"WebPage","@id":"https:\/\/garis.es\/en\/wholesale-shop\/microfono-modelo-m630\/","url":"https:\/\/garis.es\/en\/wholesale-shop\/microfono-modelo-m630\/","name":"Microphon M630 - Gar\u00ed-s","isPartOf":{"@id":"https:\/\/garis.es\/#website"},"datePublished":"2023-06-12T17:17:38+00:00","dateModified":"2023-07-09T17:24:58+00:00","description":"Te presentamos Microphon M630 de venta en Gar\u00ed-s mayorista de accesorios para m\u00f3viles y PCs.","breadcrumb":{"@id":"https:\/\/garis.es\/en\/wholesale-shop\/microfono-modelo-m630\/#breadcrumb"},"inLanguage":"en-US","potentialAction":[{"@type":"ReadAction","target":["https:\/\/garis.es\/en\/wholesale-shop\/microfono-modelo-m630\/"]}]},{"@type":"BreadcrumbList","@id":"https:\/\/garis.es\/en\/wholesale-shop\/microfono-modelo-m630\/#breadcrumb","itemListElement":[{"@type":"ListItem","position":1,"name":"Portada","item":"https:\/\/garis.es\/en\/"},{"@type":"ListItem","position":2,"name":"Shop","item":"https:\/\/garis.es\/en\/tienda\/"},{"@type":"ListItem","position":3,"name":"Microphon M630"}]},{"@type":"WebSite","@id":"https:\/\/garis.es\/#website","url":"https:\/\/garis.es\/","name":"Gar\u00ed-s","description":"GAR\u00cdS se dedica a la venta al por mayor a profesionales y empresarios, de todo tipo de accesorios para terminales m\u00f3viles y PC\u00b4s,","publisher":{"@id":"https:\/\/garis.es\/#organization"},"potentialAction":[{"@type":"SearchAction","target":{"@type":"EntryPoint","urlTemplate":"https:\/\/garis.es\/?s={search_term_string}"},"query-input":"required name=search_term_string"}],"inLanguage":"en-US"},{"@type":"Organization","@id":"https:\/\/garis.es\/#organization","name":"Garis Promotional Accesories for Movil & PC","url":"https:\/\/garis.es\/","logo":{"@type":"ImageObject","inLanguage":"en-US","@id":"https:\/\/garis.es\/#\/schema\/logo\/image\/","url":"https:\/\/garis.es\/wp-content\/uploads\/2024\/05\/cropped-LogotipoGaris.png","contentUrl":"https:\/\/garis.es\/wp-content\/uploads\/2024\/05\/cropped-LogotipoGaris.png","width":1109,"height":536,"caption":"Garis Promotional Accesories for Movil & PC"},"image":{"@id":"https:\/\/garis.es\/#\/schema\/logo\/image\/"}}]}},"_links":{"self":[{"href":"https:\/\/garis.es\/en\/wp-json\/wp\/v2\/product\/2769"}],"collection":[{"href":"https:\/\/garis.es\/en\/wp-json\/wp\/v2\/product"}],"about":[{"href":"https:\/\/garis.es\/en\/wp-json\/wp\/v2\/types\/product"}],"replies":[{"embeddable":true,"href":"https:\/\/garis.es\/en\/wp-json\/wp\/v2\/comments?post=2769"}],"wp:featuredmedia":[{"embeddable":true,"href":"https:\/\/garis.es\/en\/wp-json\/wp\/v2\/media\/2803"}],"wp:attachment":[{"href":"https:\/\/garis.es\/en\/wp-json\/wp\/v2\/media?parent=2769"}],"wp:term":[{"taxonomy":"product_cat","embeddable":true,"href":"https:\/\/garis.es\/en\/wp-json\/wp\/v2\/product_cat?post=2769"},{"taxonomy":"product_tag","embeddable":true,"href":"https:\/\/garis.es\/en\/wp-json\/wp\/v2\/product_tag?post=2769"}],"curies":[{"name":"wp","href":"https:\/\/api.w.org\/{rel}","templated":true}]}}