{"id":2387,"date":"2023-06-10T17:33:12","date_gmt":"2023-06-10T15:33:12","guid":{"rendered":"https:\/\/garis.es\/tienda-mayorista\/auriculares-modelo-roller-s\/"},"modified":"2023-06-21T17:14:09","modified_gmt":"2023-06-21T15:14:09","slug":"auriculares-modelo-roller-s","status":"publish","type":"product","link":"https:\/\/garis.es\/en\/wholesale-shop\/auriculares-modelo-roller-s\/","title":{"rendered":"Headbuds Roller S"},"content":{"rendered":"<table width=\"322\">\n<tbody>\n<tr>\n<td width=\"322\">1.Bluetooth versi\u00f3n: V5.0<br \/>\n2.Bluetooth caracteres: HSP, HFP, A2DP and AVRCP<br \/>\n3.Bateria: Lithium battery 250mAH<br \/>\n4.Tiempo estimado de uso: hasta to 20 hours<br \/>\n5. Tiempo de carga: 2-3 hours<br \/>\n6.Standby time: 300 hours<br \/>\n7.Driver unit: 40mm\u00a0 neodymuium<br \/>\n8.Sensibilidad: 98dB\u00b13dB<br \/>\n9.Microphone Sensitivity: -42dB<br \/>\n10. Support hands-free conversation<br \/>\n11. Support 3.5mm audio in &amp; audio out<br \/>\n12.Support battery indication<\/td>\n<\/tr>\n<\/tbody>\n<\/table>\n","protected":false},"excerpt":{"rendered":"<p>The Roller Headphones are characterized not only by their performance, sound, range, sensitivity, frequency, but also by their modern and comfortable design, they are foldable headphones, easy to handle and transport, with which we can not only listen to our music, but also answer and reject calls.<\/p>\n<p>These are devices with the latest technologies that do nothing more than make our day to day life easier. They are compatible with many GAR\u00cdS products.<\/p>\n<p>Highly recommended and increasingly in demand.<\/p>\n<p>It has large side and upper areas to fit designs.<\/p>\n","protected":false},"featured_media":2440,"comment_status":"open","ping_status":"closed","template":"","meta":{"_kad_post_transparent":"default","_kad_post_title":"","_kad_post_layout":"default","_kad_post_sidebar_id":"","_kad_post_content_style":"default","_kad_post_vertical_padding":"default","_kad_post_feature":"","_kad_post_feature_position":"","_kad_post_header":false,"_kad_post_footer":false,"_joinchat":[]},"product_cat":[64,65],"product_tag":[],"bundled_by":[],"bundle_stock_status":"instock","bundle_stock_quantity":25,"bundle_virtual":false,"bundle_layout":"","bundle_add_to_cart_form_location":"","bundle_editable_in_cart":false,"bundle_sold_individually_context":"","bundle_item_grouping":"","bundle_min_size":"","bundle_max_size":"","bundle_price":[],"bundled_items":[],"bundle_sell_ids":[],"tiered_pricing_type":"fixed","tiered_pricing_fixed_rules":{"25":"38","50":"37"},"yoast_head":"<!-- This site is optimized with the Yoast SEO plugin v20.11 - https:\/\/yoast.com\/wordpress\/plugins\/seo\/ -->\n<title>Headbuds Roller S - Gar\u00ed-s<\/title>\n<meta name=\"description\" content=\"Te presentamos Headbuds Roller S de venta en Gar\u00ed-s mayorista de accesorios para m\u00f3viles y PCs.\" \/>\n<meta name=\"robots\" content=\"index, follow, max-snippet:-1, max-image-preview:large, max-video-preview:-1\" \/>\n<link rel=\"canonical\" href=\"https:\/\/garis.es\/en\/wholesale-shop\/auriculares-modelo-roller-s\/\" \/>\n<meta property=\"og:locale\" content=\"en_US\" \/>\n<meta property=\"og:type\" content=\"article\" \/>\n<meta property=\"og:title\" content=\"Headbuds Roller S - Gar\u00ed-s\" \/>\n<meta property=\"og:description\" content=\"Te presentamos Headbuds Roller S de venta en Gar\u00ed-s mayorista de accesorios para m\u00f3viles y PCs.\" \/>\n<meta property=\"og:url\" content=\"https:\/\/garis.es\/en\/wholesale-shop\/auriculares-modelo-roller-s\/\" \/>\n<meta property=\"og:site_name\" content=\"Gar\u00ed-s\" \/>\n<meta property=\"article:modified_time\" content=\"2023-06-21T15:14:09+00:00\" \/>\n<meta property=\"og:image\" content=\"https:\/\/garis.es\/wp-content\/uploads\/2023\/06\/BT-1060-8.jpg\" \/>\n\t<meta property=\"og:image:width\" content=\"1920\" \/>\n\t<meta property=\"og:image:height\" content=\"1474\" \/>\n\t<meta property=\"og:image:type\" content=\"image\/jpeg\" \/>\n<meta name=\"twitter:card\" content=\"summary_large_image\" \/>\n<meta name=\"twitter:label1\" content=\"Est. reading time\" \/>\n\t<meta name=\"twitter:data1\" content=\"1 minute\" \/>\n<script type=\"application\/ld+json\" class=\"yoast-schema-graph\">{\"@context\":\"https:\/\/schema.org\",\"@graph\":[{\"@type\":\"WebPage\",\"@id\":\"https:\/\/garis.es\/en\/wholesale-shop\/auriculares-modelo-roller-s\/\",\"url\":\"https:\/\/garis.es\/en\/wholesale-shop\/auriculares-modelo-roller-s\/\",\"name\":\"Headbuds Roller S - Gar\u00ed-s\",\"isPartOf\":{\"@id\":\"https:\/\/garis.es\/#website\"},\"datePublished\":\"2023-06-10T15:33:12+00:00\",\"dateModified\":\"2023-06-21T15:14:09+00:00\",\"description\":\"Te presentamos Headbuds Roller S de venta en Gar\u00ed-s mayorista de accesorios para m\u00f3viles y PCs.\",\"breadcrumb\":{\"@id\":\"https:\/\/garis.es\/en\/wholesale-shop\/auriculares-modelo-roller-s\/#breadcrumb\"},\"inLanguage\":\"en-US\",\"potentialAction\":[{\"@type\":\"ReadAction\",\"target\":[\"https:\/\/garis.es\/en\/wholesale-shop\/auriculares-modelo-roller-s\/\"]}]},{\"@type\":\"BreadcrumbList\",\"@id\":\"https:\/\/garis.es\/en\/wholesale-shop\/auriculares-modelo-roller-s\/#breadcrumb\",\"itemListElement\":[{\"@type\":\"ListItem\",\"position\":1,\"name\":\"Portada\",\"item\":\"https:\/\/garis.es\/en\/\"},{\"@type\":\"ListItem\",\"position\":2,\"name\":\"Shop\",\"item\":\"https:\/\/garis.es\/en\/tienda\/\"},{\"@type\":\"ListItem\",\"position\":3,\"name\":\"Headbuds Roller S\"}]},{\"@type\":\"WebSite\",\"@id\":\"https:\/\/garis.es\/#website\",\"url\":\"https:\/\/garis.es\/\",\"name\":\"Gar\u00ed-s\",\"description\":\"GAR\u00cdS se dedica a la venta al por mayor a profesionales y empresarios, de todo tipo de accesorios para terminales m\u00f3viles y PC\u00b4s,\",\"publisher\":{\"@id\":\"https:\/\/garis.es\/#organization\"},\"potentialAction\":[{\"@type\":\"SearchAction\",\"target\":{\"@type\":\"EntryPoint\",\"urlTemplate\":\"https:\/\/garis.es\/?s={search_term_string}\"},\"query-input\":\"required name=search_term_string\"}],\"inLanguage\":\"en-US\"},{\"@type\":\"Organization\",\"@id\":\"https:\/\/garis.es\/#organization\",\"name\":\"Garis Promotional Accesories for Movil & PC\",\"url\":\"https:\/\/garis.es\/\",\"logo\":{\"@type\":\"ImageObject\",\"inLanguage\":\"en-US\",\"@id\":\"https:\/\/garis.es\/#\/schema\/logo\/image\/\",\"url\":\"https:\/\/garis.es\/wp-content\/uploads\/2024\/05\/cropped-LogotipoGaris.png\",\"contentUrl\":\"https:\/\/garis.es\/wp-content\/uploads\/2024\/05\/cropped-LogotipoGaris.png\",\"width\":1109,\"height\":536,\"caption\":\"Garis Promotional Accesories for Movil & PC\"},\"image\":{\"@id\":\"https:\/\/garis.es\/#\/schema\/logo\/image\/\"}}]}<\/script>\n<!-- \/ Yoast SEO plugin. -->","yoast_head_json":{"title":"Headbuds Roller S - Gar\u00ed-s","description":"Te presentamos Headbuds Roller S de venta en Gar\u00ed-s mayorista de accesorios para m\u00f3viles y PCs.","robots":{"index":"index","follow":"follow","max-snippet":"max-snippet:-1","max-image-preview":"max-image-preview:large","max-video-preview":"max-video-preview:-1"},"canonical":"https:\/\/garis.es\/en\/wholesale-shop\/auriculares-modelo-roller-s\/","og_locale":"en_US","og_type":"article","og_title":"Headbuds Roller S - Gar\u00ed-s","og_description":"Te presentamos Headbuds Roller S de venta en Gar\u00ed-s mayorista de accesorios para m\u00f3viles y PCs.","og_url":"https:\/\/garis.es\/en\/wholesale-shop\/auriculares-modelo-roller-s\/","og_site_name":"Gar\u00ed-s","article_modified_time":"2023-06-21T15:14:09+00:00","og_image":[{"width":1920,"height":1474,"url":"https:\/\/garis.es\/wp-content\/uploads\/2023\/06\/BT-1060-8.jpg","type":"image\/jpeg"}],"twitter_card":"summary_large_image","twitter_misc":{"Est. reading time":"1 minute"},"schema":{"@context":"https:\/\/schema.org","@graph":[{"@type":"WebPage","@id":"https:\/\/garis.es\/en\/wholesale-shop\/auriculares-modelo-roller-s\/","url":"https:\/\/garis.es\/en\/wholesale-shop\/auriculares-modelo-roller-s\/","name":"Headbuds Roller S - Gar\u00ed-s","isPartOf":{"@id":"https:\/\/garis.es\/#website"},"datePublished":"2023-06-10T15:33:12+00:00","dateModified":"2023-06-21T15:14:09+00:00","description":"Te presentamos Headbuds Roller S de venta en Gar\u00ed-s mayorista de accesorios para m\u00f3viles y PCs.","breadcrumb":{"@id":"https:\/\/garis.es\/en\/wholesale-shop\/auriculares-modelo-roller-s\/#breadcrumb"},"inLanguage":"en-US","potentialAction":[{"@type":"ReadAction","target":["https:\/\/garis.es\/en\/wholesale-shop\/auriculares-modelo-roller-s\/"]}]},{"@type":"BreadcrumbList","@id":"https:\/\/garis.es\/en\/wholesale-shop\/auriculares-modelo-roller-s\/#breadcrumb","itemListElement":[{"@type":"ListItem","position":1,"name":"Portada","item":"https:\/\/garis.es\/en\/"},{"@type":"ListItem","position":2,"name":"Shop","item":"https:\/\/garis.es\/en\/tienda\/"},{"@type":"ListItem","position":3,"name":"Headbuds Roller S"}]},{"@type":"WebSite","@id":"https:\/\/garis.es\/#website","url":"https:\/\/garis.es\/","name":"Gar\u00ed-s","description":"GAR\u00cdS se dedica a la venta al por mayor a profesionales y empresarios, de todo tipo de accesorios para terminales m\u00f3viles y PC\u00b4s,","publisher":{"@id":"https:\/\/garis.es\/#organization"},"potentialAction":[{"@type":"SearchAction","target":{"@type":"EntryPoint","urlTemplate":"https:\/\/garis.es\/?s={search_term_string}"},"query-input":"required name=search_term_string"}],"inLanguage":"en-US"},{"@type":"Organization","@id":"https:\/\/garis.es\/#organization","name":"Garis Promotional Accesories for Movil & PC","url":"https:\/\/garis.es\/","logo":{"@type":"ImageObject","inLanguage":"en-US","@id":"https:\/\/garis.es\/#\/schema\/logo\/image\/","url":"https:\/\/garis.es\/wp-content\/uploads\/2024\/05\/cropped-LogotipoGaris.png","contentUrl":"https:\/\/garis.es\/wp-content\/uploads\/2024\/05\/cropped-LogotipoGaris.png","width":1109,"height":536,"caption":"Garis Promotional Accesories for Movil & PC"},"image":{"@id":"https:\/\/garis.es\/#\/schema\/logo\/image\/"}}]}},"_links":{"self":[{"href":"https:\/\/garis.es\/en\/wp-json\/wp\/v2\/product\/2387"}],"collection":[{"href":"https:\/\/garis.es\/en\/wp-json\/wp\/v2\/product"}],"about":[{"href":"https:\/\/garis.es\/en\/wp-json\/wp\/v2\/types\/product"}],"replies":[{"embeddable":true,"href":"https:\/\/garis.es\/en\/wp-json\/wp\/v2\/comments?post=2387"}],"wp:featuredmedia":[{"embeddable":true,"href":"https:\/\/garis.es\/en\/wp-json\/wp\/v2\/media\/2440"}],"wp:attachment":[{"href":"https:\/\/garis.es\/en\/wp-json\/wp\/v2\/media?parent=2387"}],"wp:term":[{"taxonomy":"product_cat","embeddable":true,"href":"https:\/\/garis.es\/en\/wp-json\/wp\/v2\/product_cat?post=2387"},{"taxonomy":"product_tag","embeddable":true,"href":"https:\/\/garis.es\/en\/wp-json\/wp\/v2\/product_tag?post=2387"}],"curies":[{"name":"wp","href":"https:\/\/api.w.org\/{rel}","templated":true}]}}