{"id":2249,"date":"2023-06-04T01:40:51","date_gmt":"2023-06-03T23:40:51","guid":{"rendered":"https:\/\/garis.es\/tienda-mayorista\/reloj-modelo-r10\/"},"modified":"2023-06-21T17:50:56","modified_gmt":"2023-06-21T15:50:56","slug":"reloj-modelo-r10","status":"publish","type":"product","link":"https:\/\/garis.es\/en\/wholesale-shop\/reloj-modelo-r10\/","title":{"rendered":"Whatch Model R10"},"content":{"rendered":"<p>Multifunction smart watch with casual design, Bluetooth\u00ae connection and rechargeable via USB cable -included-.<\/p>\n<p>Elegant metal casing, with TPU strap and integrated 1.54-inch IPS touch screen, making it the perfect gadget for all kinds of sports, leisure and everyday activities.<\/p>\n<p>With &#8221;BT calling&#8221; function that allows you to make and receive calls without the need to insert the SIM card into the device. It also has other functions such as heart rate, blood pressure and blood oxygen monitor, sleep monitor, flashlight, remote camera, alarm, anti-lost, pedometer, stopwatch and music player.<\/p>\n<p>Splash water resistant, with APP available for iOS and Android.<\/p>\n<p>Bluetooth connection. 1.54&#8243; IPS screen. Battery 160 mAh<\/p>\n<p>27 x 4 x 1.3 cm | 50 gr.<\/p>\n","protected":false},"excerpt":{"rendered":"<p>Multifunction smart watch with casual design, Bluetooth\u00ae connection and rechargeable via USB cable -included-.<\/p>\n<p>Elegant metal casing, with TPU strap and integrated 1.54-inch IPS touch screen, making it the perfect gadget for all kinds of sports, leisure and everyday activities.<\/p>\n<p>With &#8221;BT calling&#8221; function that allows you to make and receive calls without the need to insert the SIM card into the device. It also has other functions such as heart rate, blood pressure and blood oxygen monitor, sleep monitor, flashlight, remote camera, alarm, anti-lost, pedometer, stopwatch and music player.<\/p>\n<p>Splash water resistant, with APP available for iOS and Android.<\/p>\n<p>Bluetooth connection. 1.54&#8243; IPS screen. Battery 160 mAh<\/p>\n<p>&nbsp;<\/p>\n","protected":false},"featured_media":2078,"comment_status":"open","ping_status":"closed","template":"","meta":{"_kad_post_transparent":"default","_kad_post_title":"","_kad_post_layout":"default","_kad_post_sidebar_id":"","_kad_post_content_style":"default","_kad_post_vertical_padding":"default","_kad_post_feature":"","_kad_post_feature_position":"","_kad_post_header":false,"_kad_post_footer":false,"_joinchat":[]},"product_cat":[71],"product_tag":[],"bundled_by":[],"bundle_stock_status":"instock","bundle_stock_quantity":100,"bundle_virtual":false,"bundle_layout":"","bundle_add_to_cart_form_location":"","bundle_editable_in_cart":false,"bundle_sold_individually_context":"","bundle_item_grouping":"","bundle_min_size":"","bundle_max_size":"","bundle_price":[],"bundled_items":[],"bundle_sell_ids":[],"tiered_pricing_type":"fixed","tiered_pricing_fixed_rules":{"100":"64"},"yoast_head":"<!-- This site is optimized with the Yoast SEO plugin v20.11 - https:\/\/yoast.com\/wordpress\/plugins\/seo\/ -->\n<title>Whatch Model R10 - Gar\u00ed-s<\/title>\n<meta name=\"description\" content=\"Te presentamos Whatch Model R10 de venta en Gar\u00ed-s mayorista de accesorios para m\u00f3viles y PCs.\" \/>\n<meta name=\"robots\" content=\"index, follow, max-snippet:-1, max-image-preview:large, max-video-preview:-1\" \/>\n<link rel=\"canonical\" href=\"https:\/\/garis.es\/en\/wholesale-shop\/reloj-modelo-r10\/\" \/>\n<meta property=\"og:locale\" content=\"en_US\" \/>\n<meta property=\"og:type\" content=\"article\" \/>\n<meta property=\"og:title\" content=\"Whatch Model R10 - Gar\u00ed-s\" \/>\n<meta property=\"og:description\" content=\"Te presentamos Whatch Model R10 de venta en Gar\u00ed-s mayorista de accesorios para m\u00f3viles y PCs.\" \/>\n<meta property=\"og:url\" content=\"https:\/\/garis.es\/en\/wholesale-shop\/reloj-modelo-r10\/\" \/>\n<meta property=\"og:site_name\" content=\"Gar\u00ed-s\" \/>\n<meta property=\"article:modified_time\" content=\"2023-06-21T15:50:56+00:00\" \/>\n<meta property=\"og:image\" content=\"https:\/\/garis.es\/wp-content\/uploads\/2023\/06\/RELOJ-MODELO-R10-2.png\" \/>\n\t<meta property=\"og:image:width\" content=\"500\" \/>\n\t<meta property=\"og:image:height\" content=\"500\" \/>\n\t<meta property=\"og:image:type\" content=\"image\/png\" \/>\n<meta name=\"twitter:card\" content=\"summary_large_image\" \/>\n<meta name=\"twitter:label1\" content=\"Est. reading time\" \/>\n\t<meta name=\"twitter:data1\" content=\"1 minute\" \/>\n<script type=\"application\/ld+json\" class=\"yoast-schema-graph\">{\"@context\":\"https:\/\/schema.org\",\"@graph\":[{\"@type\":\"WebPage\",\"@id\":\"https:\/\/garis.es\/en\/wholesale-shop\/reloj-modelo-r10\/\",\"url\":\"https:\/\/garis.es\/en\/wholesale-shop\/reloj-modelo-r10\/\",\"name\":\"Whatch Model R10 - Gar\u00ed-s\",\"isPartOf\":{\"@id\":\"https:\/\/garis.es\/#website\"},\"datePublished\":\"2023-06-03T23:40:51+00:00\",\"dateModified\":\"2023-06-21T15:50:56+00:00\",\"description\":\"Te presentamos Whatch Model R10 de venta en Gar\u00ed-s mayorista de accesorios para m\u00f3viles y PCs.\",\"breadcrumb\":{\"@id\":\"https:\/\/garis.es\/en\/wholesale-shop\/reloj-modelo-r10\/#breadcrumb\"},\"inLanguage\":\"en-US\",\"potentialAction\":[{\"@type\":\"ReadAction\",\"target\":[\"https:\/\/garis.es\/en\/wholesale-shop\/reloj-modelo-r10\/\"]}]},{\"@type\":\"BreadcrumbList\",\"@id\":\"https:\/\/garis.es\/en\/wholesale-shop\/reloj-modelo-r10\/#breadcrumb\",\"itemListElement\":[{\"@type\":\"ListItem\",\"position\":1,\"name\":\"Portada\",\"item\":\"https:\/\/garis.es\/en\/\"},{\"@type\":\"ListItem\",\"position\":2,\"name\":\"Shop\",\"item\":\"https:\/\/garis.es\/en\/tienda\/\"},{\"@type\":\"ListItem\",\"position\":3,\"name\":\"Whatch Model R10\"}]},{\"@type\":\"WebSite\",\"@id\":\"https:\/\/garis.es\/#website\",\"url\":\"https:\/\/garis.es\/\",\"name\":\"Gar\u00ed-s\",\"description\":\"GAR\u00cdS se dedica a la venta al por mayor a profesionales y empresarios, de todo tipo de accesorios para terminales m\u00f3viles y PC\u00b4s,\",\"publisher\":{\"@id\":\"https:\/\/garis.es\/#organization\"},\"potentialAction\":[{\"@type\":\"SearchAction\",\"target\":{\"@type\":\"EntryPoint\",\"urlTemplate\":\"https:\/\/garis.es\/?s={search_term_string}\"},\"query-input\":\"required name=search_term_string\"}],\"inLanguage\":\"en-US\"},{\"@type\":\"Organization\",\"@id\":\"https:\/\/garis.es\/#organization\",\"name\":\"Garis Promotional Accesories for Movil & PC\",\"url\":\"https:\/\/garis.es\/\",\"logo\":{\"@type\":\"ImageObject\",\"inLanguage\":\"en-US\",\"@id\":\"https:\/\/garis.es\/#\/schema\/logo\/image\/\",\"url\":\"https:\/\/garis.es\/wp-content\/uploads\/2024\/05\/cropped-LogotipoGaris.png\",\"contentUrl\":\"https:\/\/garis.es\/wp-content\/uploads\/2024\/05\/cropped-LogotipoGaris.png\",\"width\":1109,\"height\":536,\"caption\":\"Garis Promotional Accesories for Movil & PC\"},\"image\":{\"@id\":\"https:\/\/garis.es\/#\/schema\/logo\/image\/\"}}]}<\/script>\n<!-- \/ Yoast SEO plugin. -->","yoast_head_json":{"title":"Whatch Model R10 - Gar\u00ed-s","description":"Te presentamos Whatch Model R10 de venta en Gar\u00ed-s mayorista de accesorios para m\u00f3viles y PCs.","robots":{"index":"index","follow":"follow","max-snippet":"max-snippet:-1","max-image-preview":"max-image-preview:large","max-video-preview":"max-video-preview:-1"},"canonical":"https:\/\/garis.es\/en\/wholesale-shop\/reloj-modelo-r10\/","og_locale":"en_US","og_type":"article","og_title":"Whatch Model R10 - Gar\u00ed-s","og_description":"Te presentamos Whatch Model R10 de venta en Gar\u00ed-s mayorista de accesorios para m\u00f3viles y PCs.","og_url":"https:\/\/garis.es\/en\/wholesale-shop\/reloj-modelo-r10\/","og_site_name":"Gar\u00ed-s","article_modified_time":"2023-06-21T15:50:56+00:00","og_image":[{"width":500,"height":500,"url":"https:\/\/garis.es\/wp-content\/uploads\/2023\/06\/RELOJ-MODELO-R10-2.png","type":"image\/png"}],"twitter_card":"summary_large_image","twitter_misc":{"Est. reading time":"1 minute"},"schema":{"@context":"https:\/\/schema.org","@graph":[{"@type":"WebPage","@id":"https:\/\/garis.es\/en\/wholesale-shop\/reloj-modelo-r10\/","url":"https:\/\/garis.es\/en\/wholesale-shop\/reloj-modelo-r10\/","name":"Whatch Model R10 - Gar\u00ed-s","isPartOf":{"@id":"https:\/\/garis.es\/#website"},"datePublished":"2023-06-03T23:40:51+00:00","dateModified":"2023-06-21T15:50:56+00:00","description":"Te presentamos Whatch Model R10 de venta en Gar\u00ed-s mayorista de accesorios para m\u00f3viles y PCs.","breadcrumb":{"@id":"https:\/\/garis.es\/en\/wholesale-shop\/reloj-modelo-r10\/#breadcrumb"},"inLanguage":"en-US","potentialAction":[{"@type":"ReadAction","target":["https:\/\/garis.es\/en\/wholesale-shop\/reloj-modelo-r10\/"]}]},{"@type":"BreadcrumbList","@id":"https:\/\/garis.es\/en\/wholesale-shop\/reloj-modelo-r10\/#breadcrumb","itemListElement":[{"@type":"ListItem","position":1,"name":"Portada","item":"https:\/\/garis.es\/en\/"},{"@type":"ListItem","position":2,"name":"Shop","item":"https:\/\/garis.es\/en\/tienda\/"},{"@type":"ListItem","position":3,"name":"Whatch Model R10"}]},{"@type":"WebSite","@id":"https:\/\/garis.es\/#website","url":"https:\/\/garis.es\/","name":"Gar\u00ed-s","description":"GAR\u00cdS se dedica a la venta al por mayor a profesionales y empresarios, de todo tipo de accesorios para terminales m\u00f3viles y PC\u00b4s,","publisher":{"@id":"https:\/\/garis.es\/#organization"},"potentialAction":[{"@type":"SearchAction","target":{"@type":"EntryPoint","urlTemplate":"https:\/\/garis.es\/?s={search_term_string}"},"query-input":"required name=search_term_string"}],"inLanguage":"en-US"},{"@type":"Organization","@id":"https:\/\/garis.es\/#organization","name":"Garis Promotional Accesories for Movil & PC","url":"https:\/\/garis.es\/","logo":{"@type":"ImageObject","inLanguage":"en-US","@id":"https:\/\/garis.es\/#\/schema\/logo\/image\/","url":"https:\/\/garis.es\/wp-content\/uploads\/2024\/05\/cropped-LogotipoGaris.png","contentUrl":"https:\/\/garis.es\/wp-content\/uploads\/2024\/05\/cropped-LogotipoGaris.png","width":1109,"height":536,"caption":"Garis Promotional Accesories for Movil & PC"},"image":{"@id":"https:\/\/garis.es\/#\/schema\/logo\/image\/"}}]}},"_links":{"self":[{"href":"https:\/\/garis.es\/en\/wp-json\/wp\/v2\/product\/2249"}],"collection":[{"href":"https:\/\/garis.es\/en\/wp-json\/wp\/v2\/product"}],"about":[{"href":"https:\/\/garis.es\/en\/wp-json\/wp\/v2\/types\/product"}],"replies":[{"embeddable":true,"href":"https:\/\/garis.es\/en\/wp-json\/wp\/v2\/comments?post=2249"}],"wp:featuredmedia":[{"embeddable":true,"href":"https:\/\/garis.es\/en\/wp-json\/wp\/v2\/media\/2078"}],"wp:attachment":[{"href":"https:\/\/garis.es\/en\/wp-json\/wp\/v2\/media?parent=2249"}],"wp:term":[{"taxonomy":"product_cat","embeddable":true,"href":"https:\/\/garis.es\/en\/wp-json\/wp\/v2\/product_cat?post=2249"},{"taxonomy":"product_tag","embeddable":true,"href":"https:\/\/garis.es\/en\/wp-json\/wp\/v2\/product_tag?post=2249"}],"curies":[{"name":"wp","href":"https:\/\/api.w.org\/{rel}","templated":true}]}}