{"id":1383,"date":"2023-05-23T17:25:59","date_gmt":"2023-05-23T15:25:59","guid":{"rendered":"https:\/\/garis.es\/tienda-mayorista\/neckband-modelo-m1\/"},"modified":"2023-06-22T12:30:05","modified_gmt":"2023-06-22T10:30:05","slug":"neckband-modelo-m1","status":"publish","type":"product","link":"https:\/\/garis.es\/en\/wholesale-shop\/neckband-modelo-m1\/","title":{"rendered":"Neckband M1"},"content":{"rendered":"<p>1.Bluetooth versi\u00f3n: V5.0<\/p>\n<p>2.Music playing time: up to 10-14h + second battery<\/p>\n<p>3.Sensibilidad: 98dB\u00b13d<\/p>\n<p>4.Frecuency sensibility: 20Hz-20kHz<\/p>\n<p>5.Operating distance :10m<\/p>\n<p>6.Battery: 150 mAh<\/p>\n<p>7.Response Frequency 5Hz-20KHz<\/p>\n<p>8.Weight: 0,1Kgr<\/p>\n","protected":false},"excerpt":{"rendered":"<p>The Neckband M1 Headset with bluetooth V-5.0 connection, is included in the OPTIUM range of GAR\u00cdS, there are few products that can be cataloged as OPTIUM, they must pass very demanding &#8220;quality checks&#8221;, they are always exclusive models with the best performance.<br \/>\nNeckbands headphones are gaining more and more strength in the market, they have improved so much in their performance that they have become the latest trend.<\/p>\n<p>Originally the Neckbands were oriented only to athletes and this is its main function, to facilitate athletes to listen to their music and even if necessary to answer a phone call, all without having to carry a charging box for traditional wireless headphones, just wear them with a comfortable necklace around the neck.<\/p>\n<p>As mentioned above, applying algorithms and software to the model that allow it to accept or even reject calls has made it a tool for everyday use in our work, as we can easily remove or put on the foam casing in our ears very quickly and easily. In the case of the M1, this is more than demonstrated from the moment that it incorporates an alternative charging battery which allows us to work with it, totally unconcerned about the time of use because while we use one, we charge the other.<\/p>\n<p>In this way we get a duality that few headphones provide us, all this together with a great quality in its performance.<\/p>\n","protected":false},"featured_media":1095,"comment_status":"open","ping_status":"closed","template":"","meta":{"_kad_post_transparent":"default","_kad_post_title":"","_kad_post_layout":"default","_kad_post_sidebar_id":"","_kad_post_content_style":"default","_kad_post_vertical_padding":"default","_kad_post_feature":"","_kad_post_feature_position":"","_kad_post_header":false,"_kad_post_footer":false,"_joinchat":[]},"product_cat":[66],"product_tag":[],"bundled_by":[],"bundle_stock_status":"instock","bundle_stock_quantity":50,"bundle_virtual":false,"bundle_layout":"","bundle_add_to_cart_form_location":"","bundle_editable_in_cart":false,"bundle_sold_individually_context":"","bundle_item_grouping":"","bundle_min_size":"","bundle_max_size":"","bundle_price":[],"bundled_items":[],"bundle_sell_ids":[],"tiered_pricing_type":"fixed","tiered_pricing_fixed_rules":{"50":"21","100":"20"},"yoast_head":"<!-- This site is optimized with the Yoast SEO plugin v20.11 - https:\/\/yoast.com\/wordpress\/plugins\/seo\/ -->\n<title>Neckband M1 - Gar\u00ed-s<\/title>\n<meta name=\"description\" content=\"Te presentamos Neckband M1 de venta en Gar\u00ed-s mayorista de accesorios para m\u00f3viles y PCs.\" \/>\n<meta name=\"robots\" content=\"index, follow, max-snippet:-1, max-image-preview:large, max-video-preview:-1\" \/>\n<link rel=\"canonical\" href=\"https:\/\/garis.es\/en\/wholesale-shop\/neckband-modelo-m1\/\" \/>\n<meta property=\"og:locale\" content=\"en_US\" \/>\n<meta property=\"og:type\" content=\"article\" \/>\n<meta property=\"og:title\" content=\"Neckband M1 - Gar\u00ed-s\" \/>\n<meta property=\"og:description\" content=\"Te presentamos Neckband M1 de venta en Gar\u00ed-s mayorista de accesorios para m\u00f3viles y PCs.\" \/>\n<meta property=\"og:url\" content=\"https:\/\/garis.es\/en\/wholesale-shop\/neckband-modelo-m1\/\" \/>\n<meta property=\"og:site_name\" content=\"Gar\u00ed-s\" \/>\n<meta property=\"article:modified_time\" content=\"2023-06-22T10:30:05+00:00\" \/>\n<meta property=\"og:image\" content=\"https:\/\/garis.es\/wp-content\/uploads\/2023\/05\/NECKBAND-MODELO-M1-08.png\" \/>\n\t<meta property=\"og:image:width\" content=\"1999\" \/>\n\t<meta property=\"og:image:height\" content=\"1676\" \/>\n\t<meta property=\"og:image:type\" content=\"image\/png\" \/>\n<meta name=\"twitter:card\" content=\"summary_large_image\" \/>\n<meta name=\"twitter:label1\" content=\"Est. reading time\" \/>\n\t<meta name=\"twitter:data1\" content=\"1 minute\" \/>\n<script type=\"application\/ld+json\" class=\"yoast-schema-graph\">{\"@context\":\"https:\/\/schema.org\",\"@graph\":[{\"@type\":\"WebPage\",\"@id\":\"https:\/\/garis.es\/en\/wholesale-shop\/neckband-modelo-m1\/\",\"url\":\"https:\/\/garis.es\/en\/wholesale-shop\/neckband-modelo-m1\/\",\"name\":\"Neckband M1 - Gar\u00ed-s\",\"isPartOf\":{\"@id\":\"https:\/\/garis.es\/#website\"},\"datePublished\":\"2023-05-23T15:25:59+00:00\",\"dateModified\":\"2023-06-22T10:30:05+00:00\",\"description\":\"Te presentamos Neckband M1 de venta en Gar\u00ed-s mayorista de accesorios para m\u00f3viles y PCs.\",\"breadcrumb\":{\"@id\":\"https:\/\/garis.es\/en\/wholesale-shop\/neckband-modelo-m1\/#breadcrumb\"},\"inLanguage\":\"en-US\",\"potentialAction\":[{\"@type\":\"ReadAction\",\"target\":[\"https:\/\/garis.es\/en\/wholesale-shop\/neckband-modelo-m1\/\"]}]},{\"@type\":\"BreadcrumbList\",\"@id\":\"https:\/\/garis.es\/en\/wholesale-shop\/neckband-modelo-m1\/#breadcrumb\",\"itemListElement\":[{\"@type\":\"ListItem\",\"position\":1,\"name\":\"Portada\",\"item\":\"https:\/\/garis.es\/en\/\"},{\"@type\":\"ListItem\",\"position\":2,\"name\":\"Shop\",\"item\":\"https:\/\/garis.es\/en\/tienda\/\"},{\"@type\":\"ListItem\",\"position\":3,\"name\":\"Neckband M1\"}]},{\"@type\":\"WebSite\",\"@id\":\"https:\/\/garis.es\/#website\",\"url\":\"https:\/\/garis.es\/\",\"name\":\"Gar\u00ed-s\",\"description\":\"GAR\u00cdS se dedica a la venta al por mayor a profesionales y empresarios, de todo tipo de accesorios para terminales m\u00f3viles y PC\u00b4s,\",\"publisher\":{\"@id\":\"https:\/\/garis.es\/#organization\"},\"potentialAction\":[{\"@type\":\"SearchAction\",\"target\":{\"@type\":\"EntryPoint\",\"urlTemplate\":\"https:\/\/garis.es\/?s={search_term_string}\"},\"query-input\":\"required name=search_term_string\"}],\"inLanguage\":\"en-US\"},{\"@type\":\"Organization\",\"@id\":\"https:\/\/garis.es\/#organization\",\"name\":\"Garis Promotional Accesories for Movil & PC\",\"url\":\"https:\/\/garis.es\/\",\"logo\":{\"@type\":\"ImageObject\",\"inLanguage\":\"en-US\",\"@id\":\"https:\/\/garis.es\/#\/schema\/logo\/image\/\",\"url\":\"https:\/\/garis.es\/wp-content\/uploads\/2024\/05\/cropped-LogotipoGaris.png\",\"contentUrl\":\"https:\/\/garis.es\/wp-content\/uploads\/2024\/05\/cropped-LogotipoGaris.png\",\"width\":1109,\"height\":536,\"caption\":\"Garis Promotional Accesories for Movil & PC\"},\"image\":{\"@id\":\"https:\/\/garis.es\/#\/schema\/logo\/image\/\"}}]}<\/script>\n<!-- \/ Yoast SEO plugin. -->","yoast_head_json":{"title":"Neckband M1 - Gar\u00ed-s","description":"Te presentamos Neckband M1 de venta en Gar\u00ed-s mayorista de accesorios para m\u00f3viles y PCs.","robots":{"index":"index","follow":"follow","max-snippet":"max-snippet:-1","max-image-preview":"max-image-preview:large","max-video-preview":"max-video-preview:-1"},"canonical":"https:\/\/garis.es\/en\/wholesale-shop\/neckband-modelo-m1\/","og_locale":"en_US","og_type":"article","og_title":"Neckband M1 - Gar\u00ed-s","og_description":"Te presentamos Neckband M1 de venta en Gar\u00ed-s mayorista de accesorios para m\u00f3viles y PCs.","og_url":"https:\/\/garis.es\/en\/wholesale-shop\/neckband-modelo-m1\/","og_site_name":"Gar\u00ed-s","article_modified_time":"2023-06-22T10:30:05+00:00","og_image":[{"width":1999,"height":1676,"url":"https:\/\/garis.es\/wp-content\/uploads\/2023\/05\/NECKBAND-MODELO-M1-08.png","type":"image\/png"}],"twitter_card":"summary_large_image","twitter_misc":{"Est. reading time":"1 minute"},"schema":{"@context":"https:\/\/schema.org","@graph":[{"@type":"WebPage","@id":"https:\/\/garis.es\/en\/wholesale-shop\/neckband-modelo-m1\/","url":"https:\/\/garis.es\/en\/wholesale-shop\/neckband-modelo-m1\/","name":"Neckband M1 - Gar\u00ed-s","isPartOf":{"@id":"https:\/\/garis.es\/#website"},"datePublished":"2023-05-23T15:25:59+00:00","dateModified":"2023-06-22T10:30:05+00:00","description":"Te presentamos Neckband M1 de venta en Gar\u00ed-s mayorista de accesorios para m\u00f3viles y PCs.","breadcrumb":{"@id":"https:\/\/garis.es\/en\/wholesale-shop\/neckband-modelo-m1\/#breadcrumb"},"inLanguage":"en-US","potentialAction":[{"@type":"ReadAction","target":["https:\/\/garis.es\/en\/wholesale-shop\/neckband-modelo-m1\/"]}]},{"@type":"BreadcrumbList","@id":"https:\/\/garis.es\/en\/wholesale-shop\/neckband-modelo-m1\/#breadcrumb","itemListElement":[{"@type":"ListItem","position":1,"name":"Portada","item":"https:\/\/garis.es\/en\/"},{"@type":"ListItem","position":2,"name":"Shop","item":"https:\/\/garis.es\/en\/tienda\/"},{"@type":"ListItem","position":3,"name":"Neckband M1"}]},{"@type":"WebSite","@id":"https:\/\/garis.es\/#website","url":"https:\/\/garis.es\/","name":"Gar\u00ed-s","description":"GAR\u00cdS se dedica a la venta al por mayor a profesionales y empresarios, de todo tipo de accesorios para terminales m\u00f3viles y PC\u00b4s,","publisher":{"@id":"https:\/\/garis.es\/#organization"},"potentialAction":[{"@type":"SearchAction","target":{"@type":"EntryPoint","urlTemplate":"https:\/\/garis.es\/?s={search_term_string}"},"query-input":"required name=search_term_string"}],"inLanguage":"en-US"},{"@type":"Organization","@id":"https:\/\/garis.es\/#organization","name":"Garis Promotional Accesories for Movil & PC","url":"https:\/\/garis.es\/","logo":{"@type":"ImageObject","inLanguage":"en-US","@id":"https:\/\/garis.es\/#\/schema\/logo\/image\/","url":"https:\/\/garis.es\/wp-content\/uploads\/2024\/05\/cropped-LogotipoGaris.png","contentUrl":"https:\/\/garis.es\/wp-content\/uploads\/2024\/05\/cropped-LogotipoGaris.png","width":1109,"height":536,"caption":"Garis Promotional Accesories for Movil & PC"},"image":{"@id":"https:\/\/garis.es\/#\/schema\/logo\/image\/"}}]}},"_links":{"self":[{"href":"https:\/\/garis.es\/en\/wp-json\/wp\/v2\/product\/1383"}],"collection":[{"href":"https:\/\/garis.es\/en\/wp-json\/wp\/v2\/product"}],"about":[{"href":"https:\/\/garis.es\/en\/wp-json\/wp\/v2\/types\/product"}],"replies":[{"embeddable":true,"href":"https:\/\/garis.es\/en\/wp-json\/wp\/v2\/comments?post=1383"}],"wp:featuredmedia":[{"embeddable":true,"href":"https:\/\/garis.es\/en\/wp-json\/wp\/v2\/media\/1095"}],"wp:attachment":[{"href":"https:\/\/garis.es\/en\/wp-json\/wp\/v2\/media?parent=1383"}],"wp:term":[{"taxonomy":"product_cat","embeddable":true,"href":"https:\/\/garis.es\/en\/wp-json\/wp\/v2\/product_cat?post=1383"},{"taxonomy":"product_tag","embeddable":true,"href":"https:\/\/garis.es\/en\/wp-json\/wp\/v2\/product_tag?post=1383"}],"curies":[{"name":"wp","href":"https:\/\/api.w.org\/{rel}","templated":true}]}}