{"id":1281,"date":"2023-05-02T10:31:38","date_gmt":"2023-05-02T08:31:38","guid":{"rendered":"https:\/\/garis.es\/mi-cuenta\/"},"modified":"2023-05-25T10:48:58","modified_gmt":"2023-05-25T08:48:58","slug":"mi-cuenta","status":"publish","type":"page","link":"https:\/\/garis.es\/en\/mi-cuenta\/","title":{"rendered":"My account"},"content":{"rendered":"<div class=\"woocommerce\"><\/div>\n","protected":false},"excerpt":{"rendered":"","protected":false},"author":1,"featured_media":0,"parent":0,"menu_order":0,"comment_status":"closed","ping_status":"closed","template":"","meta":{"_kad_post_transparent":"default","_kad_post_title":"default","_kad_post_layout":"default","_kad_post_sidebar_id":"","_kad_post_content_style":"default","_kad_post_vertical_padding":"default","_kad_post_feature":"","_kad_post_feature_position":"","_kad_post_header":false,"_kad_post_footer":false,"_joinchat":[]},"yoast_head":"<!-- This site is optimized with the Yoast SEO plugin v20.11 - https:\/\/yoast.com\/wordpress\/plugins\/seo\/ -->\n<title>My account - Gar\u00ed-s<\/title>\n<meta name=\"description\" content=\"My account - Venta al por mayor a profesionales y empresarios, de todo tipo de accesorios de m\u00f3viles y PC\u00b4s,\" \/>\n<meta name=\"robots\" content=\"index, follow, max-snippet:-1, max-image-preview:large, max-video-preview:-1\" \/>\n<link rel=\"canonical\" href=\"https:\/\/garis.es\/en\/mi-cuenta\/\" \/>\n<meta property=\"og:locale\" content=\"en_US\" \/>\n<meta property=\"og:type\" content=\"article\" \/>\n<meta property=\"og:title\" content=\"My account - Gar\u00ed-s\" \/>\n<meta property=\"og:description\" content=\"My account - Venta al por mayor a profesionales y empresarios, de todo tipo de accesorios de m\u00f3viles y PC\u00b4s,\" \/>\n<meta property=\"og:url\" content=\"https:\/\/garis.es\/en\/mi-cuenta\/\" \/>\n<meta property=\"og:site_name\" content=\"Gar\u00ed-s\" \/>\n<meta property=\"article:modified_time\" content=\"2023-05-25T08:48:58+00:00\" \/>\n<meta name=\"twitter:card\" content=\"summary_large_image\" \/>\n<meta name=\"twitter:label1\" content=\"Est. reading time\" \/>\n\t<meta name=\"twitter:data1\" content=\"1 minute\" \/>\n<script type=\"application\/ld+json\" class=\"yoast-schema-graph\">{\"@context\":\"https:\/\/schema.org\",\"@graph\":[{\"@type\":\"WebPage\",\"@id\":\"https:\/\/garis.es\/en\/mi-cuenta\/\",\"url\":\"https:\/\/garis.es\/en\/mi-cuenta\/\",\"name\":\"My account - Gar\u00ed-s\",\"isPartOf\":{\"@id\":\"https:\/\/garis.es\/#website\"},\"datePublished\":\"2023-05-02T08:31:38+00:00\",\"dateModified\":\"2023-05-25T08:48:58+00:00\",\"description\":\"My account - Venta al por mayor a profesionales y empresarios, de todo tipo de accesorios de m\u00f3viles y PC\u00b4s,\",\"breadcrumb\":{\"@id\":\"https:\/\/garis.es\/en\/mi-cuenta\/#breadcrumb\"},\"inLanguage\":\"en-US\",\"potentialAction\":[{\"@type\":\"ReadAction\",\"target\":[\"https:\/\/garis.es\/en\/mi-cuenta\/\"]}]},{\"@type\":\"BreadcrumbList\",\"@id\":\"https:\/\/garis.es\/en\/mi-cuenta\/#breadcrumb\",\"itemListElement\":[{\"@type\":\"ListItem\",\"position\":1,\"name\":\"Portada\",\"item\":\"https:\/\/garis.es\/en\/\"},{\"@type\":\"ListItem\",\"position\":2,\"name\":\"My account\"}]},{\"@type\":\"WebSite\",\"@id\":\"https:\/\/garis.es\/#website\",\"url\":\"https:\/\/garis.es\/\",\"name\":\"Gar\u00ed-s\",\"description\":\"GAR\u00cdS se dedica a la venta al por mayor a profesionales y empresarios, de todo tipo de accesorios para terminales m\u00f3viles y PC\u00b4s,\",\"publisher\":{\"@id\":\"https:\/\/garis.es\/#organization\"},\"potentialAction\":[{\"@type\":\"SearchAction\",\"target\":{\"@type\":\"EntryPoint\",\"urlTemplate\":\"https:\/\/garis.es\/?s={search_term_string}\"},\"query-input\":\"required name=search_term_string\"}],\"inLanguage\":\"en-US\"},{\"@type\":\"Organization\",\"@id\":\"https:\/\/garis.es\/#organization\",\"name\":\"Garis Promotional Accesories for Movil & PC\",\"url\":\"https:\/\/garis.es\/\",\"logo\":{\"@type\":\"ImageObject\",\"inLanguage\":\"en-US\",\"@id\":\"https:\/\/garis.es\/#\/schema\/logo\/image\/\",\"url\":\"https:\/\/garis.es\/wp-content\/uploads\/2024\/05\/cropped-LogotipoGaris.png\",\"contentUrl\":\"https:\/\/garis.es\/wp-content\/uploads\/2024\/05\/cropped-LogotipoGaris.png\",\"width\":1109,\"height\":536,\"caption\":\"Garis Promotional Accesories for Movil & PC\"},\"image\":{\"@id\":\"https:\/\/garis.es\/#\/schema\/logo\/image\/\"}}]}<\/script>\n<!-- \/ Yoast SEO plugin. -->","yoast_head_json":{"title":"My account - Gar\u00ed-s","description":"My account - Venta al por mayor a profesionales y empresarios, de todo tipo de accesorios de m\u00f3viles y PC\u00b4s,","robots":{"index":"index","follow":"follow","max-snippet":"max-snippet:-1","max-image-preview":"max-image-preview:large","max-video-preview":"max-video-preview:-1"},"canonical":"https:\/\/garis.es\/en\/mi-cuenta\/","og_locale":"en_US","og_type":"article","og_title":"My account - Gar\u00ed-s","og_description":"My account - Venta al por mayor a profesionales y empresarios, de todo tipo de accesorios de m\u00f3viles y PC\u00b4s,","og_url":"https:\/\/garis.es\/en\/mi-cuenta\/","og_site_name":"Gar\u00ed-s","article_modified_time":"2023-05-25T08:48:58+00:00","twitter_card":"summary_large_image","twitter_misc":{"Est. reading time":"1 minute"},"schema":{"@context":"https:\/\/schema.org","@graph":[{"@type":"WebPage","@id":"https:\/\/garis.es\/en\/mi-cuenta\/","url":"https:\/\/garis.es\/en\/mi-cuenta\/","name":"My account - Gar\u00ed-s","isPartOf":{"@id":"https:\/\/garis.es\/#website"},"datePublished":"2023-05-02T08:31:38+00:00","dateModified":"2023-05-25T08:48:58+00:00","description":"My account - Venta al por mayor a profesionales y empresarios, de todo tipo de accesorios de m\u00f3viles y PC\u00b4s,","breadcrumb":{"@id":"https:\/\/garis.es\/en\/mi-cuenta\/#breadcrumb"},"inLanguage":"en-US","potentialAction":[{"@type":"ReadAction","target":["https:\/\/garis.es\/en\/mi-cuenta\/"]}]},{"@type":"BreadcrumbList","@id":"https:\/\/garis.es\/en\/mi-cuenta\/#breadcrumb","itemListElement":[{"@type":"ListItem","position":1,"name":"Portada","item":"https:\/\/garis.es\/en\/"},{"@type":"ListItem","position":2,"name":"My account"}]},{"@type":"WebSite","@id":"https:\/\/garis.es\/#website","url":"https:\/\/garis.es\/","name":"Gar\u00ed-s","description":"GAR\u00cdS se dedica a la venta al por mayor a profesionales y empresarios, de todo tipo de accesorios para terminales m\u00f3viles y PC\u00b4s,","publisher":{"@id":"https:\/\/garis.es\/#organization"},"potentialAction":[{"@type":"SearchAction","target":{"@type":"EntryPoint","urlTemplate":"https:\/\/garis.es\/?s={search_term_string}"},"query-input":"required name=search_term_string"}],"inLanguage":"en-US"},{"@type":"Organization","@id":"https:\/\/garis.es\/#organization","name":"Garis Promotional Accesories for Movil & PC","url":"https:\/\/garis.es\/","logo":{"@type":"ImageObject","inLanguage":"en-US","@id":"https:\/\/garis.es\/#\/schema\/logo\/image\/","url":"https:\/\/garis.es\/wp-content\/uploads\/2024\/05\/cropped-LogotipoGaris.png","contentUrl":"https:\/\/garis.es\/wp-content\/uploads\/2024\/05\/cropped-LogotipoGaris.png","width":1109,"height":536,"caption":"Garis Promotional Accesories for Movil & PC"},"image":{"@id":"https:\/\/garis.es\/#\/schema\/logo\/image\/"}}]}},"_links":{"self":[{"href":"https:\/\/garis.es\/en\/wp-json\/wp\/v2\/pages\/1281"}],"collection":[{"href":"https:\/\/garis.es\/en\/wp-json\/wp\/v2\/pages"}],"about":[{"href":"https:\/\/garis.es\/en\/wp-json\/wp\/v2\/types\/page"}],"author":[{"embeddable":true,"href":"https:\/\/garis.es\/en\/wp-json\/wp\/v2\/users\/1"}],"replies":[{"embeddable":true,"href":"https:\/\/garis.es\/en\/wp-json\/wp\/v2\/comments?post=1281"}],"version-history":[{"count":0,"href":"https:\/\/garis.es\/en\/wp-json\/wp\/v2\/pages\/1281\/revisions"}],"wp:attachment":[{"href":"https:\/\/garis.es\/en\/wp-json\/wp\/v2\/media?parent=1281"}],"curies":[{"name":"wp","href":"https:\/\/api.w.org\/{rel}","templated":true}]}}